{"id":396,"date":"2023-06-09T14:28:07","date_gmt":"2023-06-09T12:28:07","guid":{"rendered":"https:\/\/clavie.be\/?page_id=396"},"modified":"2023-06-09T15:21:24","modified_gmt":"2023-06-09T13:21:24","slug":"politique-de-confidentialite","status":"publish","type":"page","link":"https:\/\/clavie.be\/fr\/politique-de-confidentialite\/","title":{"rendered":"Politique de confidentialit\u00e9"},"content":{"rendered":"\t\t<div data-elementor-type=\"wp-page\" data-elementor-id=\"396\" class=\"elementor elementor-396\" data-elementor-post-type=\"page\">\n\t\t\t\t<div class=\"elementor-element elementor-element-5f84ef9 e-flex e-con-boxed e-con e-parent\" data-id=\"5f84ef9\" data-element_type=\"container\">\n\t\t\t\t\t<div class=\"e-con-inner\">\n\t\t\t\t<div class=\"elementor-element elementor-element-00a3297 elementor-widget elementor-widget-heading\" data-id=\"00a3297\" data-element_type=\"widget\" data-widget_type=\"heading.default\">\n\t\t\t\t<div class=\"elementor-widget-container\">\n\t\t\t<style>\/*! elementor - v3.23.0 - 05-08-2024 *\/\n.elementor-heading-title{padding:0;margin:0;line-height:1}.elementor-widget-heading .elementor-heading-title[class*=elementor-size-]>a{color:inherit;font-size:inherit;line-height:inherit}.elementor-widget-heading .elementor-heading-title.elementor-size-small{font-size:15px}.elementor-widget-heading .elementor-heading-title.elementor-size-medium{font-size:19px}.elementor-widget-heading .elementor-heading-title.elementor-size-large{font-size:29px}.elementor-widget-heading .elementor-heading-title.elementor-size-xl{font-size:39px}.elementor-widget-heading .elementor-heading-title.elementor-size-xxl{font-size:59px}<\/style><h2 class=\"elementor-heading-title elementor-size-default\">Politique de confidentialit\u00e9<\/h2>\t\t<\/div>\n\t\t\t\t<\/div>\n\t\t\t\t<div class=\"elementor-element elementor-element-9545079 elementor-widget elementor-widget-text-editor\" data-id=\"9545079\" data-element_type=\"widget\" data-widget_type=\"text-editor.default\">\n\t\t\t\t<div class=\"elementor-widget-container\">\n\t\t\t<style>\/*! elementor - v3.23.0 - 05-08-2024 *\/\n.elementor-widget-text-editor.elementor-drop-cap-view-stacked .elementor-drop-cap{background-color:#69727d;color:#fff}.elementor-widget-text-editor.elementor-drop-cap-view-framed .elementor-drop-cap{color:#69727d;border:3px solid;background-color:transparent}.elementor-widget-text-editor:not(.elementor-drop-cap-view-default) .elementor-drop-cap{margin-top:8px}.elementor-widget-text-editor:not(.elementor-drop-cap-view-default) .elementor-drop-cap-letter{width:1em;height:1em}.elementor-widget-text-editor .elementor-drop-cap{float:left;text-align:center;line-height:1;font-size:50px}.elementor-widget-text-editor .elementor-drop-cap-letter{display:inline-block}<\/style>\t\t\t\t<p>Avec la d\u00e9claration suivante sur la protection des donn\u00e9es, nous nous acquittons de l&rsquo;obligation d&rsquo;information pr\u00e9vue par la loi. Nous vous informons ici sur toutes les directives r\u00e9gulant la protection des donn\u00e9es chez CLAVIE PACKAGING.<\/p>\n<p><br><\/p>\n<div id=\"ielk-19\"><b>1.<\/b> Nous utilisons les donn\u00e9es que vous nous avez communiqu\u00e9es (titre, nom, adresse, adresse e-mail, num\u00e9ro de t\u00e9l\u00e9phone, num\u00e9ro de fax, donn\u00e9es de carte de cr\u00e9dit) en respectant les dispositions de la l\u00e9gislation Fran\u00e7aise sur la protection des donn\u00e9es.<br><br><\/div>\n<div id=\"i2xf8-19\"><b>2.<\/b> Vos donn\u00e9es personnelles sont uniquement utilis\u00e9es pour ex\u00e9cuter le contrat conclu entre nous, par exemple pour la livraison de marchandises \u00e0 l&rsquo;adresse que vous nous avez indiqu\u00e9e. Mais nous n&rsquo;utilisons pas ces donn\u00e9es \u00e0 d&rsquo;autres fins, comme la publicit\u00e9, les \u00e9tudes de march\u00e9 ou l&rsquo;adaptation de nos offres aux besoins de nos clients.<br><br><\/div>\n<div id=\"ik6qi-19\"><b>3.<\/b> Une fois le contrat enti\u00e8rement ex\u00e9cut\u00e9, ce qui inclut aussi le paiement complet du prix d&rsquo;achat convenu, les donn\u00e9es conserv\u00e9es pour des raisons juridiques sont bloqu\u00e9es. Elles ne sont alors plus susceptibles d&rsquo;\u00eatre utilis\u00e9es. De plus, vos donn\u00e9es sont effac\u00e9es quand vous n&rsquo;avez pas donn\u00e9 express\u00e9ment votre accord pour qu&rsquo;elles continuent \u00e0 \u00eatre trait\u00e9es et utilis\u00e9es. Dans ce cas-l\u00e0, vous pouvez consulter, faire modifier ou effacer les donn\u00e9es sauvegard\u00e9es. Vous pouvez \u00e0 tout moment retirer votre accord.<br><br><\/div>\n<div id=\"iaqbk-19\"><b>4.<\/b> Lorsque vous vous inscrivez \u00e0 notre newsletter, nous sauvegardons votre adresse e-mail \u00e0 des fins de publicit\u00e9 et d&rsquo;\u00e9tudes de march\u00e9 jusqu&rsquo;\u00e0 votre d\u00e9sinscription.<br><br><\/div>\n<div id=\"ird6g-19\"><b>5.<\/b> Si vous souhaitez d&rsquo;autres informations ou que vous d\u00e9sirez faire effacer des donn\u00e9es, nous sommes \u00e0 votre disposition, envoyez un mail : marketing@attis.com<br><\/div>\n<p><br><\/p>\n<div id=\"imfan-19\"><b>6.&nbsp;<\/b>Nous utilisons des cookies dans lesquels sont stock\u00e9es des informations sur le contenu de votre panier. Si vous voulez vous inscrire ou passer une commande, nous avons besoin de vos donn\u00e9es clients. Si vous \u00eates d\u00e9j\u00e0 client(e) chez nous, vous pouvez vous connecter facilement en utilisant votre adresse e-mail et votre mot de passe personnel. Les donn\u00e9es stock\u00e9es dans un cookie vous \u00e9vitent d&rsquo;avoir \u00e0 remplir les formulaires. Les cookies ainsi g\u00e9n\u00e9r\u00e9s ont une dur\u00e9e de vie de 30 jours. De plus, vous pouvez g\u00e9rer l&rsquo;acceptation de cookies de cette page depuis votre navigateur, et \u00e9ventuellement les faire bloquer.<br><br><\/div>\n<div id=\"iebs5-19\"><b>7.<\/b> Notre soci\u00e9t\u00e9 utilise le service \u201c+1\u201d du r\u00e9seau Google plus appartenant \u00e0 l\u2019entreprise Google Inc., 1600 Amphitheatre Parkway, Mountain View, CA 94043, United que nous nommerons (\u201cGoogle\u201d). Le bouton est reconnaissable au signe \u201c+1\u201d sur fond blanc ou de couleur.<\/div>\n<div id=\"igspj-19\">Lorsque vous acc\u00e9dez \u00e0 un site appartenant \u00e0 notre soci\u00e9t\u00e9 et qui comporte ce bouton alors votre navigateur sera directement connect\u00e9 aux serveurs de Google. Les informations du bouton \u201c+1 seront transmises directement par l\u2019interm\u00e9diaire de votre navigateur afin d\u2019\u00eatre associ\u00e9es au site internet en question. Nous avons donc aucune influence sur le traitement des donn\u00e9es r\u00e9alis\u00e9 par Google. Il est probable que votre adresse IP soit stock\u00e9e dans l\u2019op\u00e9ration.&nbsp;<span style=\"text-align: var(--text-align);\">L\u2019ampleur et la nature de la collecte de donn\u00e9es ainsi que le traitement et l\u2019usage de celles ci par Google sont pr\u00e9sent\u00e9s dans le document accessible en ligne au lien suivant http:\/\/www.google.com\/intl\/fr\/+\/policy\/+1button.html<\/span><\/div>\n<div id=\"iif22-19\">Si vous \u00eates un membre de Google plus et que vous ne d\u00e9sirez pas que Google utilise vos informations par l\u2019interm\u00e9diaire de nos sites internets alors nous vous prions de vous d\u00e9connecter du service Google plus avant de visiter nos sites.<br><br><\/div>\n<div id=\"ila0c-19\"><b>8.<\/b> En tant que nouveau client, vous recevrez par e-mail nos recommandations produits pour des produits similaires \u00e0 ceux de votre commande. En aucun cas, votre adresse e-mail ne sera c\u00e9d\u00e9e ou vendue \u00e0 des tiers. D\u00e9sinscription possible \u00e0 tout moment en cliquant ici.<\/div>\n<div id=\"ig1lo-19\">Si vous avez des questions concernant le d\u00e9roulement de votre commande, les retours, la garantie, etc., veuillez-nous les adresser par \u00e9crit via notre adresse oreder@clavie.be.<\/div>\t\t\t\t\t\t<\/div>\n\t\t\t\t<\/div>\n\t\t\t\t\t<\/div>\n\t\t\t\t<\/div>\n\t\t\t\t<\/div>\n\t\t","protected":false},"excerpt":{"rendered":"<p>Politique de confidentialit\u00e9 Avec la d\u00e9claration suivante sur la protection des donn\u00e9es, nous nous acquittons de l&rsquo;obligation d&rsquo;information pr\u00e9vue par la loi. Nous vous informons ici sur toutes les directives r\u00e9gulant la protection des donn\u00e9es chez CLAVIE PACKAGING. 1. Nous utilisons les donn\u00e9es que vous nous avez communiqu\u00e9es (titre, nom, adresse, adresse e-mail, num\u00e9ro de [&hellip;]<\/p>\n","protected":false},"author":2,"featured_media":0,"parent":0,"menu_order":0,"comment_status":"closed","ping_status":"closed","template":"","meta":{"footnotes":""},"class_list":["post-396","page","type-page","status-publish","hentry"],"_links":{"self":[{"href":"https:\/\/clavie.be\/fr\/wp-json\/wp\/v2\/pages\/396","targetHints":{"allow":["GET"]}}],"collection":[{"href":"https:\/\/clavie.be\/fr\/wp-json\/wp\/v2\/pages"}],"about":[{"href":"https:\/\/clavie.be\/fr\/wp-json\/wp\/v2\/types\/page"}],"author":[{"embeddable":true,"href":"https:\/\/clavie.be\/fr\/wp-json\/wp\/v2\/users\/2"}],"replies":[{"embeddable":true,"href":"https:\/\/clavie.be\/fr\/wp-json\/wp\/v2\/comments?post=396"}],"version-history":[{"count":7,"href":"https:\/\/clavie.be\/fr\/wp-json\/wp\/v2\/pages\/396\/revisions"}],"predecessor-version":[{"id":407,"href":"https:\/\/clavie.be\/fr\/wp-json\/wp\/v2\/pages\/396\/revisions\/407"}],"wp:attachment":[{"href":"https:\/\/clavie.be\/fr\/wp-json\/wp\/v2\/media?parent=396"}],"curies":[{"name":"wp","href":"https:\/\/api.w.org\/{rel}","templated":true}]}}