{"id":403,"date":"2023-06-09T15:18:04","date_gmt":"2023-06-09T13:18:04","guid":{"rendered":"https:\/\/clavie.be\/?page_id=403"},"modified":"2023-06-09T15:38:07","modified_gmt":"2023-06-09T13:38:07","slug":"conditions-generales-dutilisation","status":"publish","type":"page","link":"https:\/\/clavie.be\/fr\/conditions-generales-dutilisation\/","title":{"rendered":"Conditions g\u00e9n\u00e9rales d&rsquo;utilisation"},"content":{"rendered":"\t\t<div data-elementor-type=\"wp-page\" data-elementor-id=\"403\" class=\"elementor elementor-403\" data-elementor-post-type=\"page\">\n\t\t\t\t<div class=\"elementor-element elementor-element-af063e4 e-flex e-con-boxed e-con e-parent\" data-id=\"af063e4\" data-element_type=\"container\">\n\t\t\t\t\t<div class=\"e-con-inner\">\n\t\t\t\t<div class=\"elementor-element elementor-element-adfbd7c elementor-widget elementor-widget-heading\" data-id=\"adfbd7c\" data-element_type=\"widget\" data-widget_type=\"heading.default\">\n\t\t\t\t<div class=\"elementor-widget-container\">\n\t\t\t<style>\/*! elementor - v3.23.0 - 05-08-2024 *\/\n.elementor-heading-title{padding:0;margin:0;line-height:1}.elementor-widget-heading .elementor-heading-title[class*=elementor-size-]>a{color:inherit;font-size:inherit;line-height:inherit}.elementor-widget-heading .elementor-heading-title.elementor-size-small{font-size:15px}.elementor-widget-heading .elementor-heading-title.elementor-size-medium{font-size:19px}.elementor-widget-heading .elementor-heading-title.elementor-size-large{font-size:29px}.elementor-widget-heading .elementor-heading-title.elementor-size-xl{font-size:39px}.elementor-widget-heading .elementor-heading-title.elementor-size-xxl{font-size:59px}<\/style><h2 class=\"elementor-heading-title elementor-size-default\">Conditions g\u00e9n\u00e9rales d'utilisation<\/h2>\t\t<\/div>\n\t\t\t\t<\/div>\n\t\t\t\t<div class=\"elementor-element elementor-element-110a375 elementor-widget elementor-widget-text-editor\" data-id=\"110a375\" data-element_type=\"widget\" data-widget_type=\"text-editor.default\">\n\t\t\t\t<div class=\"elementor-widget-container\">\n\t\t\t<style>\/*! elementor - v3.23.0 - 05-08-2024 *\/\n.elementor-widget-text-editor.elementor-drop-cap-view-stacked .elementor-drop-cap{background-color:#69727d;color:#fff}.elementor-widget-text-editor.elementor-drop-cap-view-framed .elementor-drop-cap{color:#69727d;border:3px solid;background-color:transparent}.elementor-widget-text-editor:not(.elementor-drop-cap-view-default) .elementor-drop-cap{margin-top:8px}.elementor-widget-text-editor:not(.elementor-drop-cap-view-default) .elementor-drop-cap-letter{width:1em;height:1em}.elementor-widget-text-editor .elementor-drop-cap{float:left;text-align:center;line-height:1;font-size:50px}.elementor-widget-text-editor .elementor-drop-cap-letter{display:inline-block}<\/style>\t\t\t\t<p>Derni\u00e8re mise \u00e0 jour : 09\/06\/2023<\/p>\n<p>Veuillez lire attentivement les pr\u00e9sentes Conditions g\u00e9n\u00e9rales d&rsquo;utilisation avant d&rsquo;utiliser notre site web clavie.be exploit\u00e9 par l&rsquo;entreprise CLAVIE PACKAGING.<\/p>\n<ol>\n<li>\n<p><b><u>Acceptation des CGU<\/u><\/b> En acc\u00e9dant ou en utilisant notre Site, vous reconnaissez avoir lu, compris et accept\u00e9 les pr\u00e9sentes CGU. Si vous n&rsquo;acceptez pas ces CGU, veuillez cesser imm\u00e9diatement d&rsquo;utiliser notre Site.<\/p>\n<\/li>\n<li>\n<p><b><u>Utilisation du Site<\/u><\/b> <u>2.1. Acc\u00e8s au Site<\/u> : Vous devez \u00eatre \u00e2g\u00e9 d&rsquo;au moins 18 ans pour utiliser notre Site. En utilisant le Site, vous d\u00e9clarez \u00eatre majeur(e) dans votre pays de r\u00e9sidence. <u>2.2 Compte utilisateur<\/u> : Certaines fonctionnalit\u00e9s du Site peuvent n\u00e9cessiter la cr\u00e9ation d&rsquo;un compte utilisateur. Vous \u00eates responsable de maintenir la confidentialit\u00e9 de vos informations de compte et de toutes les activit\u00e9s qui s&rsquo;y d\u00e9roulent. <u>2.3 Utilisation autoris\u00e9e<\/u> : Vous acceptez d&rsquo;utiliser le Site conform\u00e9ment aux lois en vigueur, aux pr\u00e9sentes CGU et aux politiques et lignes directrices de l&rsquo;entreprise.<\/p>\n<\/li>\n<li>\n<p><b><u>Propri\u00e9t\u00e9 intellectuelle<\/u><\/b> <u>3.1 Contenu du site<\/u> : Tout le contenu pr\u00e9sent\u00e9 sur le Site, y compris, mais sans s&rsquo;y limiter, les textes, images, graphiques, logos, vid\u00e9os, fichiers audio et logiciels, est la propri\u00e9t\u00e9 de l&rsquo;entreprise ou de ses conc\u00e9dants de licence, et est prot\u00e9g\u00e9 par les lois sur la propri\u00e9t\u00e9 intellectuelle en vigueur. <u>3.2 Utilisation restreinte<\/u> : Vous \u00eates autoris\u00e9(e) \u00e0 acc\u00e9der au contenu du Site uniquement \u00e0 des fins personnelles et non commerciales. Toute utilisation, reproduction, modification ou distribution du contenu sans autorisation pr\u00e9alable \u00e9crite de l&rsquo;entreprise est strictement interdite.<\/p>\n<\/li>\n<li>\n<p><b><u>Responsabilit\u00e9<\/u> <\/b><u>4.1 Exclusion de garanties<\/u> : Notre Site est fourni \u00ab\u00a0tel quel\u00a0\u00bb et \u00ab\u00a0tel que disponible\u00a0\u00bb. Nous ne garantissons pas que le Site sera exempt d&rsquo;erreurs, de virus ou d&rsquo;autres \u00e9l\u00e9ments nuisibles. Vous utilisez le Site \u00e0 vos propres risques. <u>4.2 Limitation de responsabilit\u00e9<\/u> : En aucun cas, l&rsquo;entreprise ne pourra \u00eatre tenue responsable des dommages directs, indirects, accessoires, sp\u00e9ciaux ou cons\u00e9cutifs d\u00e9coulant de l&rsquo;utilisation ou de l&rsquo;impossibilit\u00e9 d&rsquo;utiliser le site.<\/p>\n<\/li>\n<li>\n<p><b>Modifications des CGU<\/b> Nous nous r\u00e9servons le droit de modifier les pr\u00e9sentes CGU \u00e0 tout moment. Les modifications entreront en vigueur d\u00e8s leur publication sur le site. Il vous incombe de consulter r\u00e9guli\u00e8rement les CGU pour vous tenir inform\u00e9(e) des \u00e9ventuelles modifications.<\/p>\n<\/li>\n<li>\n<p><b>Loi applicable et juridiction comp\u00e9tente<\/b>&nbsp;Les pr\u00e9sentes CGU sont r\u00e9gies et interpr\u00e9t\u00e9es conform\u00e9ment aux lois en vigueur en Belgique. Tout litige d\u00e9coulant des pr\u00e9sentes CGU sera soumis \u00e0 la juridiction exclusive des tribunaux comp\u00e9tents de cette juridiction.<\/p>\n<\/li>\n<\/ol>\t\t\t\t\t\t<\/div>\n\t\t\t\t<\/div>\n\t\t\t\t\t<\/div>\n\t\t\t\t<\/div>\n\t\t\t\t<\/div>\n\t\t","protected":false},"excerpt":{"rendered":"<p>Conditions g\u00e9n\u00e9rales d&rsquo;utilisation Derni\u00e8re mise \u00e0 jour : 09\/06\/2023 Veuillez lire attentivement les pr\u00e9sentes Conditions g\u00e9n\u00e9rales d&rsquo;utilisation avant d&rsquo;utiliser notre site web clavie.be exploit\u00e9 par l&rsquo;entreprise CLAVIE PACKAGING. Acceptation des CGU En acc\u00e9dant ou en utilisant notre Site, vous reconnaissez avoir lu, compris et accept\u00e9 les pr\u00e9sentes CGU. Si vous n&rsquo;acceptez pas ces CGU, veuillez [&hellip;]<\/p>\n","protected":false},"author":2,"featured_media":0,"parent":0,"menu_order":0,"comment_status":"closed","ping_status":"closed","template":"","meta":{"footnotes":""},"class_list":["post-403","page","type-page","status-publish","hentry"],"_links":{"self":[{"href":"https:\/\/clavie.be\/fr\/wp-json\/wp\/v2\/pages\/403","targetHints":{"allow":["GET"]}}],"collection":[{"href":"https:\/\/clavie.be\/fr\/wp-json\/wp\/v2\/pages"}],"about":[{"href":"https:\/\/clavie.be\/fr\/wp-json\/wp\/v2\/types\/page"}],"author":[{"embeddable":true,"href":"https:\/\/clavie.be\/fr\/wp-json\/wp\/v2\/users\/2"}],"replies":[{"embeddable":true,"href":"https:\/\/clavie.be\/fr\/wp-json\/wp\/v2\/comments?post=403"}],"version-history":[{"count":7,"href":"https:\/\/clavie.be\/fr\/wp-json\/wp\/v2\/pages\/403\/revisions"}],"predecessor-version":[{"id":418,"href":"https:\/\/clavie.be\/fr\/wp-json\/wp\/v2\/pages\/403\/revisions\/418"}],"wp:attachment":[{"href":"https:\/\/clavie.be\/fr\/wp-json\/wp\/v2\/media?parent=403"}],"curies":[{"name":"wp","href":"https:\/\/api.w.org\/{rel}","templated":true}]}}