{"id":414,"date":"2023-06-09T15:35:44","date_gmt":"2023-06-09T13:35:44","guid":{"rendered":"https:\/\/clavie.be\/?page_id=414"},"modified":"2023-06-09T15:41:12","modified_gmt":"2023-06-09T13:41:12","slug":"droits-des-utilisateurs","status":"publish","type":"page","link":"https:\/\/clavie.be\/fr\/droits-des-utilisateurs\/","title":{"rendered":"Droits des utilisateurs"},"content":{"rendered":"\t\t<div data-elementor-type=\"wp-page\" data-elementor-id=\"414\" class=\"elementor elementor-414\" data-elementor-post-type=\"page\">\n\t\t\t\t<div class=\"elementor-element elementor-element-db86d6e e-flex e-con-boxed e-con e-parent\" data-id=\"db86d6e\" data-element_type=\"container\">\n\t\t\t\t\t<div class=\"e-con-inner\">\n\t\t\t\t<div class=\"elementor-element elementor-element-39028ba elementor-widget elementor-widget-heading\" data-id=\"39028ba\" data-element_type=\"widget\" data-widget_type=\"heading.default\">\n\t\t\t\t<div class=\"elementor-widget-container\">\n\t\t\t<style>\/*! elementor - v3.23.0 - 05-08-2024 *\/\n.elementor-heading-title{padding:0;margin:0;line-height:1}.elementor-widget-heading .elementor-heading-title[class*=elementor-size-]>a{color:inherit;font-size:inherit;line-height:inherit}.elementor-widget-heading .elementor-heading-title.elementor-size-small{font-size:15px}.elementor-widget-heading .elementor-heading-title.elementor-size-medium{font-size:19px}.elementor-widget-heading .elementor-heading-title.elementor-size-large{font-size:29px}.elementor-widget-heading .elementor-heading-title.elementor-size-xl{font-size:39px}.elementor-widget-heading .elementor-heading-title.elementor-size-xxl{font-size:59px}<\/style><h2 class=\"elementor-heading-title elementor-size-default\">Droits des utilisateurs<\/h2>\t\t<\/div>\n\t\t\t\t<\/div>\n\t\t\t\t<div class=\"elementor-element elementor-element-da4acc8 elementor-widget elementor-widget-text-editor\" data-id=\"da4acc8\" data-element_type=\"widget\" data-widget_type=\"text-editor.default\">\n\t\t\t\t<div class=\"elementor-widget-container\">\n\t\t\t<style>\/*! elementor - v3.23.0 - 05-08-2024 *\/\n.elementor-widget-text-editor.elementor-drop-cap-view-stacked .elementor-drop-cap{background-color:#69727d;color:#fff}.elementor-widget-text-editor.elementor-drop-cap-view-framed .elementor-drop-cap{color:#69727d;border:3px solid;background-color:transparent}.elementor-widget-text-editor:not(.elementor-drop-cap-view-default) .elementor-drop-cap{margin-top:8px}.elementor-widget-text-editor:not(.elementor-drop-cap-view-default) .elementor-drop-cap-letter{width:1em;height:1em}.elementor-widget-text-editor .elementor-drop-cap{float:left;text-align:center;line-height:1;font-size:50px}.elementor-widget-text-editor .elementor-drop-cap-letter{display:inline-block}<\/style>\t\t\t\t<p>Derni\u00e8re mise \u00e0 jour : 09\/06\/2023<\/p>\n<p>Bienvenue sur notre site web clavie.be. Nous accordons une grande importance \u00e0 la protection de vos droits en tant qu&rsquo;utilisateur. Cette page vise \u00e0 vous informer sur vos droits lors de l&rsquo;utilisation de notre site. Veuillez lire attentivement les informations ci-dessous :<\/p>\n<ol>\n<li>\n<p><b><u>Droit \u00e0 l&rsquo;information<\/u><\/b>&nbsp;<span style=\"background-color: transparent; text-align: var(--text-align);\">Vous avez le droit d&rsquo;\u00eatre inform\u00e9(e) de mani\u00e8re claire et transparente sur la collecte et l&rsquo;utilisation de vos donn\u00e9es personnelles sur notre site. Notre politique de confidentialit\u00e9 explique en d\u00e9tail quelles donn\u00e9es sont collect\u00e9es, comment elles sont utilis\u00e9es et partag\u00e9es, ainsi que les mesures prises pour les prot\u00e9ger.<\/span><\/p>\n<\/li>\n<li>\n<p><b><u>Droit d&rsquo;acc\u00e8s<\/u><\/b> Vous avez le droit d&rsquo;acc\u00e9der aux donn\u00e9es personnelles que nous d\u00e9tenons \u00e0 votre sujet. Si vous souhaitez exercer ce droit, veuillez nous contacter en utilisant les coordonn\u00e9es fournies \u00e0 la fin de cette page. Nous ferons de notre mieux pour vous fournir ces informations dans un d\u00e9lai raisonnable.<\/p>\n<\/li>\n<li>\n<p><b><u>Droit de rectification<\/u><\/b> Si vous estimez que les donn\u00e9es personnelles que nous d\u00e9tenons \u00e0 votre sujet sont inexactes ou incompl\u00e8tes, vous avez le droit de demander leur rectification. Veuillez nous contacter pour nous faire part de toute modification n\u00e9cessaire.<\/p>\n<\/li>\n<li>\n<p><b><u>Droit \u00e0 l&rsquo;effacement<\/u><\/b> Dans certaines circonstances, vous avez le droit de demander l&rsquo;effacement de vos donn\u00e9es personnelles. Cependant, veuillez noter que ce droit n&rsquo;est pas absolu et peut \u00eatre soumis \u00e0 des exceptions l\u00e9gales ou contractuelles qui nous obligent \u00e0 conserver certaines informations.<\/p>\n<\/li>\n<li>\n<p><b><u>Droit \u00e0 la limitation du traitement<\/u><\/b> Vous avez le droit de demander la limitation du traitement de vos donn\u00e9es personnelles dans certaines situations sp\u00e9cifiques pr\u00e9vues par la loi. Si vous souhaitez exercer ce droit, veuillez nous contacter.<\/p>\n<\/li>\n<li>\n<p><u><b>Droit \u00e0 la portabilit\u00e9 des donn\u00e9es<\/b><\/u> Si vous avez fourni des donn\u00e9es personnelles dans le cadre d&rsquo;un contrat ou avec votre consentement, vous avez le droit de recevoir ces donn\u00e9es dans un format structur\u00e9, couramment utilis\u00e9 et lisible par machine, et avez le droit de les transmettre \u00e0 un autre responsable du traitement.<\/p>\n<\/li>\n<li>\n<p><b><u>Droit d&rsquo;opposition<\/u><\/b> Vous avez le droit de vous opposer \u00e0 tout moment, pour des raisons li\u00e9es \u00e0 votre situation particuli\u00e8re, au traitement de vos donn\u00e9es personnelles, notamment lorsque le traitement est fond\u00e9 sur l&rsquo;int\u00e9r\u00eat l\u00e9gitime ou l&rsquo;ex\u00e9cution d&rsquo;une t\u00e2che effectu\u00e9e dans l&rsquo;int\u00e9r\u00eat public. Nous examinerons votre demande et, sauf motif l\u00e9gitime imp\u00e9rieux, cesserons de traiter vos donn\u00e9es personnelles.<\/p>\n<\/li>\n<li>\n<p><b><u>Droit de retirer son consentement<\/u><\/b> Si le traitement de vos donn\u00e9es personnelles est bas\u00e9 sur votre consentement, vous avez le droit de retirer votre consentement \u00e0 tout moment, sans que cela n&rsquo;affecte la lic\u00e9it\u00e9 du traitement fond\u00e9 sur le consentement pr\u00e9alable au retrait.<\/p>\n<\/li>\n<li>\n<p><b><u>Contactez-nous<\/u><\/b> Si vous avez des questions, des pr\u00e9occupations ou si vous souhaitez exercer vos droits en mati\u00e8re de protection des donn\u00e9es, veuillez nous contacter \u00e0 l&rsquo;adresse suivante :<\/p>\n<\/li>\n<\/ol>\n<p><b>CLAVIE PACKAGING<\/b><\/p>\n<p><b>Av. de l&rsquo;Industrie 12b, 1420 Braine-l&rsquo;Alleud, Belgique<\/b><\/p>\n<p><b>order@clavie.be<\/b><\/p>\n<p><span aria-label=\"Appeler le +32 2 387 09 87\"><b>+32 2 387 09 87<\/b><\/span><\/p>\t\t\t\t\t\t<\/div>\n\t\t\t\t<\/div>\n\t\t\t\t\t<\/div>\n\t\t\t\t<\/div>\n\t\t\t\t<\/div>\n\t\t","protected":false},"excerpt":{"rendered":"<p>Droits des utilisateurs Derni\u00e8re mise \u00e0 jour : 09\/06\/2023 Bienvenue sur notre site web clavie.be. Nous accordons une grande importance \u00e0 la protection de vos droits en tant qu&rsquo;utilisateur. Cette page vise \u00e0 vous informer sur vos droits lors de l&rsquo;utilisation de notre site. Veuillez lire attentivement les informations ci-dessous : Droit \u00e0 l&rsquo;information&nbsp;Vous avez [&hellip;]<\/p>\n","protected":false},"author":2,"featured_media":0,"parent":0,"menu_order":0,"comment_status":"closed","ping_status":"closed","template":"","meta":{"footnotes":""},"class_list":["post-414","page","type-page","status-publish","hentry"],"_links":{"self":[{"href":"https:\/\/clavie.be\/fr\/wp-json\/wp\/v2\/pages\/414","targetHints":{"allow":["GET"]}}],"collection":[{"href":"https:\/\/clavie.be\/fr\/wp-json\/wp\/v2\/pages"}],"about":[{"href":"https:\/\/clavie.be\/fr\/wp-json\/wp\/v2\/types\/page"}],"author":[{"embeddable":true,"href":"https:\/\/clavie.be\/fr\/wp-json\/wp\/v2\/users\/2"}],"replies":[{"embeddable":true,"href":"https:\/\/clavie.be\/fr\/wp-json\/wp\/v2\/comments?post=414"}],"version-history":[{"count":7,"href":"https:\/\/clavie.be\/fr\/wp-json\/wp\/v2\/pages\/414\/revisions"}],"predecessor-version":[{"id":424,"href":"https:\/\/clavie.be\/fr\/wp-json\/wp\/v2\/pages\/414\/revisions\/424"}],"wp:attachment":[{"href":"https:\/\/clavie.be\/fr\/wp-json\/wp\/v2\/media?parent=414"}],"curies":[{"name":"wp","href":"https:\/\/api.w.org\/{rel}","templated":true}]}}