{"id":482,"date":"2024-03-13T15:44:39","date_gmt":"2024-03-13T13:44:39","guid":{"rendered":"https:\/\/clavie.be\/?page_id=482"},"modified":"2025-04-22T12:07:35","modified_gmt":"2025-04-22T10:07:35","slug":"actu","status":"publish","type":"page","link":"https:\/\/clavie.be\/fr\/actu\/","title":{"rendered":"Actu\/Folder-fr"},"content":{"rendered":"\t\t<div data-elementor-type=\"wp-page\" data-elementor-id=\"482\" class=\"elementor elementor-482\" data-elementor-post-type=\"page\">\n\t\t\t\t<div class=\"elementor-element elementor-element-d668974 e-flex e-con-boxed e-con e-parent\" data-id=\"d668974\" data-element_type=\"container\" data-settings=\"{&quot;background_background&quot;:&quot;classic&quot;}\">\n\t\t\t\t\t<div class=\"e-con-inner\">\n\t\t\t\t<div class=\"elementor-element elementor-element-d42c2bc elementor-widget elementor-widget-heading\" data-id=\"d42c2bc\" data-element_type=\"widget\" data-widget_type=\"heading.default\">\n\t\t\t\t<div class=\"elementor-widget-container\">\n\t\t\t<style>\/*! elementor - v3.23.0 - 05-08-2024 *\/\n.elementor-heading-title{padding:0;margin:0;line-height:1}.elementor-widget-heading .elementor-heading-title[class*=elementor-size-]>a{color:inherit;font-size:inherit;line-height:inherit}.elementor-widget-heading .elementor-heading-title.elementor-size-small{font-size:15px}.elementor-widget-heading .elementor-heading-title.elementor-size-medium{font-size:19px}.elementor-widget-heading .elementor-heading-title.elementor-size-large{font-size:29px}.elementor-widget-heading .elementor-heading-title.elementor-size-xl{font-size:39px}.elementor-widget-heading .elementor-heading-title.elementor-size-xxl{font-size:59px}<\/style><h1 class=\"elementor-heading-title elementor-size-default\">PROMO FOLDER #1 <\/h1>\t\t<\/div>\n\t\t\t\t<\/div>\n\t\t\t\t\t<\/div>\n\t\t\t\t<\/div>\n\t\t<div class=\"elementor-element elementor-element-509f2f4 e-grid e-con-boxed e-con e-parent\" data-id=\"509f2f4\" data-element_type=\"container\">\n\t\t\t\t\t<div class=\"e-con-inner\">\n\t\t<div class=\"elementor-element elementor-element-c13236b e-con-full e-flex e-con e-child\" data-id=\"c13236b\" data-element_type=\"container\">\n\t\t<div class=\"elementor-element elementor-element-24a8b80 e-grid e-con-full e-con e-child\" data-id=\"24a8b80\" data-element_type=\"container\">\n\t\t<div class=\"elementor-element elementor-element-4823b80 e-grid e-con-full e-con e-child\" data-id=\"4823b80\" data-element_type=\"container\">\n\t\t\t\t<div class=\"elementor-element elementor-element-54f4d36 elementor-widget elementor-widget-image\" data-id=\"54f4d36\" data-element_type=\"widget\" data-widget_type=\"image.default\">\n\t\t\t\t<div class=\"elementor-widget-container\">\n\t\t\t<style>\/*! elementor - v3.23.0 - 05-08-2024 *\/\n.elementor-widget-image{text-align:center}.elementor-widget-image a{display:inline-block}.elementor-widget-image a img[src$=\".svg\"]{width:48px}.elementor-widget-image img{vertical-align:middle;display:inline-block}<\/style>\t\t\t\t\t\t\t\t\t\t\t<a href=\"https:\/\/drive.google.com\/file\/d\/16AknWg_K-KYGKNd4pBD5THrmUPWzdGis\/view?usp=drive_link\" target=\"_blank\">\n\t\t\t\t\t\t\t<img fetchpriority=\"high\" decoding=\"async\" width=\"300\" height=\"300\" src=\"https:\/\/clavie.be\/wp-content\/uploads\/2025\/03\/FOLDER-1_21x21-v9-FINAL-TREE01-300x300.jpg\" class=\"attachment-medium size-medium wp-image-664\" alt=\"couverture du folder #1\" srcset=\"https:\/\/clavie.be\/wp-content\/uploads\/2025\/03\/FOLDER-1_21x21-v9-FINAL-TREE01-300x300.jpg 300w, https:\/\/clavie.be\/wp-content\/uploads\/2025\/03\/FOLDER-1_21x21-v9-FINAL-TREE01-1024x1024.jpg 1024w, https:\/\/clavie.be\/wp-content\/uploads\/2025\/03\/FOLDER-1_21x21-v9-FINAL-TREE01-150x150.jpg 150w, https:\/\/clavie.be\/wp-content\/uploads\/2025\/03\/FOLDER-1_21x21-v9-FINAL-TREE01-768x768.jpg 768w, https:\/\/clavie.be\/wp-content\/uploads\/2025\/03\/FOLDER-1_21x21-v9-FINAL-TREE01.jpg 1250w\" sizes=\"(max-width: 300px) 100vw, 300px\" \/>\t\t\t\t\t\t\t\t<\/a>\n\t\t\t\t\t\t\t\t\t\t\t\t\t<\/div>\n\t\t\t\t<\/div>\n\t\t<div class=\"elementor-element elementor-element-24d4ae3 e-grid e-con-full e-con e-child\" data-id=\"24d4ae3\" data-element_type=\"container\">\n\t\t\t\t<div class=\"elementor-element elementor-element-cf07078 elementor-widget elementor-widget-image\" data-id=\"cf07078\" data-element_type=\"widget\" data-widget_type=\"image.default\">\n\t\t\t\t<div class=\"elementor-widget-container\">\n\t\t\t\t\t\t\t\t\t\t\t\t\t\t<a href=\"http:\/\/clavie.be\/wp-content\/uploads\/2025\/03\/ActionTREE_TFF-presentation_visuel-CLAVIE-FR.jpg\" data-elementor-open-lightbox=\"yes\" data-elementor-lightbox-title=\"ActionTREE_TFF pr\u00e9sentation_visuel CLAVIE FR\" data-e-action-hash=\"#elementor-action%3Aaction%3Dlightbox%26settings%3DeyJpZCI6Njc2LCJ1cmwiOiJodHRwczpcL1wvY2xhdmllLmJlXC93cC1jb250ZW50XC91cGxvYWRzXC8yMDI1XC8wM1wvQWN0aW9uVFJFRV9URkYtcHJlc2VudGF0aW9uX3Zpc3VlbC1DTEFWSUUtRlIuanBnIn0%3D\">\n\t\t\t\t\t\t\t<img decoding=\"async\" width=\"300\" height=\"300\" src=\"https:\/\/clavie.be\/wp-content\/uploads\/2025\/03\/ActionTREE_TFF-presentation_visuel-CLAVIE-FR-300x300.jpg\" class=\"attachment-medium size-medium wp-image-676\" alt=\"\" srcset=\"https:\/\/clavie.be\/wp-content\/uploads\/2025\/03\/ActionTREE_TFF-presentation_visuel-CLAVIE-FR-300x300.jpg 300w, https:\/\/clavie.be\/wp-content\/uploads\/2025\/03\/ActionTREE_TFF-presentation_visuel-CLAVIE-FR-150x150.jpg 150w, https:\/\/clavie.be\/wp-content\/uploads\/2025\/03\/ActionTREE_TFF-presentation_visuel-CLAVIE-FR.jpg 596w\" sizes=\"(max-width: 300px) 100vw, 300px\" \/>\t\t\t\t\t\t\t\t<\/a>\n\t\t\t\t\t\t\t\t\t\t\t\t\t<\/div>\n\t\t\t\t<\/div>\n\t\t\t\t<div class=\"elementor-element elementor-element-06180c8 elementor-widget elementor-widget-image\" data-id=\"06180c8\" data-element_type=\"widget\" data-widget_type=\"image.default\">\n\t\t\t\t<div class=\"elementor-widget-container\">\n\t\t\t\t\t\t\t\t\t\t\t\t\t\t<a href=\"http:\/\/clavie.be\/wp-content\/uploads\/2025\/03\/ActionTREE_BOSpresentation_visuel-CLAVIE-FR.jpg\" data-elementor-open-lightbox=\"yes\" data-elementor-lightbox-title=\"ActionTREE_BOS+pr\u00e9sentation_visuel CLAVIE FR\" data-e-action-hash=\"#elementor-action%3Aaction%3Dlightbox%26settings%3DeyJpZCI6Njc0LCJ1cmwiOiJodHRwczpcL1wvY2xhdmllLmJlXC93cC1jb250ZW50XC91cGxvYWRzXC8yMDI1XC8wM1wvQWN0aW9uVFJFRV9CT1NwcmVzZW50YXRpb25fdmlzdWVsLUNMQVZJRS1GUi5qcGcifQ%3D%3D\">\n\t\t\t\t\t\t\t<img decoding=\"async\" width=\"300\" height=\"300\" src=\"https:\/\/clavie.be\/wp-content\/uploads\/2025\/03\/ActionTREE_BOSpresentation_visuel-CLAVIE-FR-300x300.jpg\" class=\"attachment-medium size-medium wp-image-674\" alt=\"\" srcset=\"https:\/\/clavie.be\/wp-content\/uploads\/2025\/03\/ActionTREE_BOSpresentation_visuel-CLAVIE-FR-300x300.jpg 300w, https:\/\/clavie.be\/wp-content\/uploads\/2025\/03\/ActionTREE_BOSpresentation_visuel-CLAVIE-FR-150x150.jpg 150w, https:\/\/clavie.be\/wp-content\/uploads\/2025\/03\/ActionTREE_BOSpresentation_visuel-CLAVIE-FR.jpg 596w\" sizes=\"(max-width: 300px) 100vw, 300px\" \/>\t\t\t\t\t\t\t\t<\/a>\n\t\t\t\t\t\t\t\t\t\t\t\t\t<\/div>\n\t\t\t\t<\/div>\n\t\t\t\t<\/div>\n\t\t\t\t<\/div>\n\t\t<div class=\"elementor-element elementor-element-4029dda e-grid e-con-full e-con e-child\" data-id=\"4029dda\" data-element_type=\"container\">\n\t\t\t\t<div class=\"elementor-element elementor-element-dd71862 elementor-widget elementor-widget-text-editor\" data-id=\"dd71862\" data-element_type=\"widget\" data-widget_type=\"text-editor.default\">\n\t\t\t\t<div class=\"elementor-widget-container\">\n\t\t\t<style>\/*! elementor - v3.23.0 - 05-08-2024 *\/\n.elementor-widget-text-editor.elementor-drop-cap-view-stacked .elementor-drop-cap{background-color:#69727d;color:#fff}.elementor-widget-text-editor.elementor-drop-cap-view-framed .elementor-drop-cap{color:#69727d;border:3px solid;background-color:transparent}.elementor-widget-text-editor:not(.elementor-drop-cap-view-default) .elementor-drop-cap{margin-top:8px}.elementor-widget-text-editor:not(.elementor-drop-cap-view-default) .elementor-drop-cap-letter{width:1em;height:1em}.elementor-widget-text-editor .elementor-drop-cap{float:left;text-align:center;line-height:1;font-size:50px}.elementor-widget-text-editor .elementor-drop-cap-letter{display:inline-block}<\/style>\t\t\t\t<h6>Offre valable de f\u00e9vrier \u00e0 juin 2025<\/h6><p>Dans cette brochure vous retrouverez :<\/p><ul><li>des serviettes au meilleur prix<\/li><li>des articles personnalis\u00e9s avec votre logo<\/li><li>des nouveaut\u00e9s<\/li><li>des promos<\/li><li>une action \u00ab\u00a0TREE\u00a0\u00bb : 1 commande = 1 don pour un arbre plant\u00e9 (voir images pour plus d&rsquo;infos sur les 2 organismes que nous soutenons)<\/li><\/ul>\t\t\t\t\t\t<\/div>\n\t\t\t\t<\/div>\n\t\t\t\t<div class=\"elementor-element elementor-element-7043672 elementor-button-info elementor-align-center elementor-invisible elementor-widget elementor-widget-button\" data-id=\"7043672\" data-element_type=\"widget\" data-settings=\"{&quot;_animation&quot;:&quot;bounceIn&quot;}\" data-widget_type=\"button.default\">\n\t\t\t\t<div class=\"elementor-widget-container\">\n\t\t\t\t\t<div class=\"elementor-button-wrapper\">\n\t\t\t<a class=\"elementor-button elementor-button-link elementor-size-sm\" href=\"https:\/\/drive.google.com\/file\/d\/16AknWg_K-KYGKNd4pBD5THrmUPWzdGis\/view?usp=drive_link\">\n\t\t\t\t\t\t<span class=\"elementor-button-content-wrapper\">\n\t\t\t\t\t\t\t\t\t<span class=\"elementor-button-text\">Download FOLDER #1<\/span>\n\t\t\t\t\t<\/span>\n\t\t\t\t\t<\/a>\n\t\t<\/div>\n\t\t\t\t<\/div>\n\t\t\t\t<\/div>\n\t\t\t\t<\/div>\n\t\t\t\t<\/div>\n\t\t\t\t<\/div>\n\t\t\t\t\t<\/div>\n\t\t\t\t<\/div>\n\t\t\t\t<\/div>\n\t\t","protected":false},"excerpt":{"rendered":"<p>PROMO FOLDER #1 Offre valable de f\u00e9vrier \u00e0 juin 2025 Dans cette brochure vous retrouverez : des serviettes au meilleur prix des articles personnalis\u00e9s avec votre logo des nouveaut\u00e9s des promos une action \u00ab\u00a0TREE\u00a0\u00bb : 1 commande = 1 don pour un arbre plant\u00e9 (voir images pour plus d&rsquo;infos sur les 2 organismes que nous [&hellip;]<\/p>\n","protected":false},"author":1,"featured_media":0,"parent":0,"menu_order":0,"comment_status":"closed","ping_status":"closed","template":"","meta":{"footnotes":""},"class_list":["post-482","page","type-page","status-publish","hentry"],"_links":{"self":[{"href":"https:\/\/clavie.be\/fr\/wp-json\/wp\/v2\/pages\/482","targetHints":{"allow":["GET"]}}],"collection":[{"href":"https:\/\/clavie.be\/fr\/wp-json\/wp\/v2\/pages"}],"about":[{"href":"https:\/\/clavie.be\/fr\/wp-json\/wp\/v2\/types\/page"}],"author":[{"embeddable":true,"href":"https:\/\/clavie.be\/fr\/wp-json\/wp\/v2\/users\/1"}],"replies":[{"embeddable":true,"href":"https:\/\/clavie.be\/fr\/wp-json\/wp\/v2\/comments?post=482"}],"version-history":[{"count":153,"href":"https:\/\/clavie.be\/fr\/wp-json\/wp\/v2\/pages\/482\/revisions"}],"predecessor-version":[{"id":2112,"href":"https:\/\/clavie.be\/fr\/wp-json\/wp\/v2\/pages\/482\/revisions\/2112"}],"wp:attachment":[{"href":"https:\/\/clavie.be\/fr\/wp-json\/wp\/v2\/media?parent=482"}],"curies":[{"name":"wp","href":"https:\/\/api.w.org\/{rel}","templated":true}]}}