{"id":433,"date":"2023-07-07T09:51:35","date_gmt":"2023-07-07T07:51:35","guid":{"rendered":"https:\/\/clavie.be\/?page_id=433"},"modified":"2023-07-07T10:02:55","modified_gmt":"2023-07-07T08:02:55","slug":"mentions-legales","status":"publish","type":"page","link":"https:\/\/clavie.be\/nl\/mentions-legales\/","title":{"rendered":"Juridische mededelingen"},"content":{"rendered":"<div data-elementor-type=\"wp-page\" data-elementor-id=\"433\" class=\"elementor elementor-433\" data-elementor-post-type=\"page\">\n\t\t\t\t<div class=\"elementor-element elementor-element-28dd2c4 e-flex e-con-boxed e-con e-parent\" data-id=\"28dd2c4\" data-element_type=\"container\">\n\t\t\t\t\t<div class=\"e-con-inner\">\n\t\t\t\t<div class=\"elementor-element elementor-element-bb2037c elementor-widget elementor-widget-heading\" data-id=\"bb2037c\" data-element_type=\"widget\" data-widget_type=\"heading.default\">\n\t\t\t\t<div class=\"elementor-widget-container\">\n\t\t\t<style>\/*! elementor - v3.23.0 - 05-08-2024 *\/\n.elementor-heading-title{padding:0;margin:0;line-height:1}.elementor-widget-heading .elementor-heading-title[class*=elementor-size-]>a{color:inherit;font-size:inherit;line-height:inherit}.elementor-widget-heading .elementor-heading-title.elementor-size-small{font-size:15px}.elementor-widget-heading .elementor-heading-title.elementor-size-medium{font-size:19px}.elementor-widget-heading .elementor-heading-title.elementor-size-large{font-size:29px}.elementor-widget-heading .elementor-heading-title.elementor-size-xl{font-size:39px}.elementor-widget-heading .elementor-heading-title.elementor-size-xxl{font-size:59px}<\/style><h2 class=\"elementor-heading-title elementor-size-default\">Juridische mededelingen<\/h2>\t\t<\/div>\n\t\t\t\t<\/div>\n\t\t\t\t\t<\/div>\n\t\t\t\t<\/div>\n\t\t<div class=\"elementor-element elementor-element-05d84a3 e-flex e-con-boxed e-con e-parent\" data-id=\"05d84a3\" data-element_type=\"container\">\n\t\t\t\t\t<div class=\"e-con-inner\">\n\t\t\t\t<div class=\"elementor-element elementor-element-0f1508f elementor-widget elementor-widget-text-editor\" data-id=\"0f1508f\" data-element_type=\"widget\" data-widget_type=\"text-editor.default\">\n\t\t\t\t<div class=\"elementor-widget-container\">\n\t\t\t<style>\/*! elementor - v3.23.0 - 05-08-2024 *\/\n.elementor-widget-text-editor.elementor-drop-cap-view-stacked .elementor-drop-cap{background-color:#69727d;color:#fff}.elementor-widget-text-editor.elementor-drop-cap-view-framed .elementor-drop-cap{color:#69727d;border:3px solid;background-color:transparent}.elementor-widget-text-editor:not(.elementor-drop-cap-view-default) .elementor-drop-cap{margin-top:8px}.elementor-widget-text-editor:not(.elementor-drop-cap-view-default) .elementor-drop-cap-letter{width:1em;height:1em}.elementor-widget-text-editor .elementor-drop-cap{float:left;text-align:center;line-height:1;font-size:50px}.elementor-widget-text-editor .elementor-drop-cap-letter{display:inline-block}<\/style>\t\t\t\t<p>\u00c9diteur du site : Le site web <a href=\"http:\/\/clavie.be\/nl\/\" target=\"_new\">http:\/\/clavie.be\/<\/a> est \u00e9dit\u00e9 par : CLAVIE PACKAGING<\/p>\n<p>Adresse : Av. de l&rsquo;Industrie 12b, 1420 Braine-l&rsquo;Alleud, Belgique<\/p>\n<p>T\u00e9l\u00e9phone: <a href=\"https:\/\/www.google.com\/search?gs_ssp=eJzj4tVP1zc0TMuurEw2z0pWYDRgdGDwEkjOSSzLTFUoSEzOTkzPzEsHAM3bC44&amp;q=clavie+packaging&amp;rlz=1C1GCEA_enFR1031FR1031&amp;oq=clavie+&amp;gs_lcrp=EgZjaHJvbWUqDQgBEC4YxwEY0QMYgAQyBggAEEUYOTINCAEQLhjHARjRAxiABDIPCAIQABgKGIMBGLEDGIAEMgwIAxAAGAoYsQMYgAQyDAgEEAAYChixAxiABDIMCAUQABgKGLEDGIAEMgwIBhAAGAoYsQMYgAQyDwgHEAAYChiDARixAxiABDIMCAgQABgKGLEDGIAEMgcICRAAGI8C0gEMNTA3NTAyNmowajE1qAIAsAIA&amp;sourceid=chrome&amp;ie=UTF-8#\" data-dtype=\"d3ph\" data-local-attribute=\"d3ph\" data-ved=\"2ahUKEwje7Oi5j_z_AhUeT6QEHdrqB3sQkAgoAHoECBgQAw\"><span aria-label=\"Appeler le +32 2 387 09 87\">+32 2 387 09 87<\/span><\/a><\/p>\n<p>Email: order@clavie.be<\/p>\n<p>Directeur de la publication : Geert GODAERT<\/p>\n<p>Adresse mail :&nbsp;<a href=\"mailto:g.godaert@clavie.be\">g.godaert@clavie.be<\/a><\/p>\n<p>H\u00e9bergement : Le site <a href=\"http:\/\/clavie.be\/nl\/\" target=\"_new\">http:\/\/clavie.be\/<\/a> est h\u00e9berg\u00e9 par : CLAVIE PACKAGING<\/p>\n<p>Propri\u00e9t\u00e9 intellectuelle : Tous les \u00e9l\u00e9ments pr\u00e9sents sur le site <a href=\"http:\/\/clavie.be\/nl\/\" target=\"_new\">http:\/\/clavie.be\/<\/a>, tels que les textes, les images, les vid\u00e9os, les logos, les graphiques, sont la propri\u00e9t\u00e9 exclusive de Clavie.be, sauf indication contraire. Ils sont prot\u00e9g\u00e9s par les lois relatives \u00e0 la propri\u00e9t\u00e9 intellectuelle.<\/p>\n<p>Toute reproduction, distribution, modification, adaptation, ou utilisation, partielle ou int\u00e9grale, des \u00e9l\u00e9ments du site, sans autorisation pr\u00e9alable \u00e9crite de Clavie.be, est strictement interdite et pourra faire l&rsquo;objet de poursuites judiciaires.<\/p>\n<p>Protection des donn\u00e9es personnelles : Clavie.be s&rsquo;engage \u00e0 respecter la confidentialit\u00e9 des donn\u00e9es personnelles collect\u00e9es lors de la navigation sur le site. Les donn\u00e9es collect\u00e9es sont utilis\u00e9es dans le seul but de fournir les services demand\u00e9s par les utilisateurs du site.<\/p>\n<p>Conform\u00e9ment \u00e0 la l\u00e9gislation en vigueur, vous disposez d&rsquo;un droit d&rsquo;acc\u00e8s, de rectification, de suppression et d&rsquo;opposition aux donn\u00e9es vous concernant. Pour exercer ces droits, vous pouvez contacter Clavie.be par courrier \u00e0 l&rsquo;adresse indiqu\u00e9e ci-dessus ou par e-mail.<\/p>\n<p>Cookies : Le site <a href=\"http:\/\/clavie.be\/nl\/\" target=\"_new\">http:\/\/clavie.be\/<\/a> utilise des cookies pour am\u00e9liorer l&rsquo;exp\u00e9rience de navigation des utilisateurs. Un cookie est un petit fichier texte qui est stock\u00e9 sur le disque dur de l&rsquo;utilisateur par le serveur du site visit\u00e9. Les cookies permettent de collecter des informations sur la navigation de l&rsquo;utilisateur et de faciliter l&rsquo;acc\u00e8s aux services du site.<\/p>\n<p>En utilisant le site <a href=\"http:\/\/clavie.be\/nl\/\" target=\"_new\">http:\/\/clavie.be\/<\/a>, vous consentez \u00e0 l&rsquo;utilisation de cookies. Si vous souhaitez d\u00e9sactiver les cookies, vous pouvez modifier les param\u00e8tres de votre navigateur. Cependant, veuillez noter que certaines fonctionnalit\u00e9s du site pourraient ne pas fonctionner correctement sans l&rsquo;utilisation de cookies.<\/p>\n<p>Responsabilit\u00e9 : Clavie.be ne saurait \u00eatre tenu responsable des \u00e9ventuels dommages directs ou indirects r\u00e9sultant de l&rsquo;utilisation du site, de l&rsquo;impossibilit\u00e9 d&rsquo;acc\u00e9der au site, ou de tout dysfonctionnement du site.<\/p>\n<p>Liens hypertextes : Le site <a href=\"http:\/\/clavie.be\/nl\/\" target=\"_new\">http:\/\/clavie.be\/<\/a> peut contenir des liens hypertextes vers d&rsquo;autres sites web. Clavie.be n&rsquo;exerce aucun contr\u00f4le sur le contenu de ces sites et d\u00e9cline toute responsabilit\u00e9 quant \u00e0 leur contenu ou \u00e0 leur utilisation.<\/p>\n<p>Modification des mentions l\u00e9gales : Clavie.be se r\u00e9serve le droit de modifier les pr\u00e9sentes mentions l\u00e9gales \u00e0 tout moment. Les utilisateurs du site sont donc invit\u00e9s \u00e0 les consulter r\u00e9guli\u00e8rement.<\/p>\n<p>Derni\u00e8re mise \u00e0 jour : 07\/07\/2023<\/p>\t\t\t\t\t\t<\/div>\n\t\t\t\t<\/div>\n\t\t\t\t\t<\/div>\n\t\t\t\t<\/div>\n\t\t\t\t<\/div>","protected":false},"excerpt":{"rendered":"<p>Mentions l\u00e9gales \u00c9diteur du site : Le site web http:\/\/clavie.be\/ est \u00e9dit\u00e9 par : CLAVIE PACKAGING Adresse : Av. de l&rsquo;Industrie 12b, 1420 Braine-l&rsquo;Alleud, Belgique T\u00e9l\u00e9phone: +32 2 387 09 87 Email: order@clavie.be Directeur de la publication : Geert GODAERT Adresse mail :&nbsp;g.godaert@clavie.be H\u00e9bergement : Le site http:\/\/clavie.be\/ est h\u00e9berg\u00e9 par : CLAVIE PACKAGING Propri\u00e9t\u00e9 [&hellip;]<\/p>","protected":false},"author":2,"featured_media":0,"parent":0,"menu_order":0,"comment_status":"closed","ping_status":"closed","template":"","meta":{"footnotes":""},"class_list":["post-433","page","type-page","status-publish","hentry"],"_links":{"self":[{"href":"https:\/\/clavie.be\/nl\/wp-json\/wp\/v2\/pages\/433","targetHints":{"allow":["GET"]}}],"collection":[{"href":"https:\/\/clavie.be\/nl\/wp-json\/wp\/v2\/pages"}],"about":[{"href":"https:\/\/clavie.be\/nl\/wp-json\/wp\/v2\/types\/page"}],"author":[{"embeddable":true,"href":"https:\/\/clavie.be\/nl\/wp-json\/wp\/v2\/users\/2"}],"replies":[{"embeddable":true,"href":"https:\/\/clavie.be\/nl\/wp-json\/wp\/v2\/comments?post=433"}],"version-history":[{"count":4,"href":"https:\/\/clavie.be\/nl\/wp-json\/wp\/v2\/pages\/433\/revisions"}],"predecessor-version":[{"id":438,"href":"https:\/\/clavie.be\/nl\/wp-json\/wp\/v2\/pages\/433\/revisions\/438"}],"wp:attachment":[{"href":"https:\/\/clavie.be\/nl\/wp-json\/wp\/v2\/media?parent=433"}],"curies":[{"name":"wp","href":"https:\/\/api.w.org\/{rel}","templated":true}]}}